{"id":54228,"date":"2021-07-30T16:52:37","date_gmt":"2021-07-30T16:52:37","guid":{"rendered":"https:\/\/atumitalia.it\/domande-frequenti\/"},"modified":"2021-07-31T14:02:46","modified_gmt":"2021-07-31T14:02:46","slug":"domande-frequenti","status":"publish","type":"page","link":"https:\/\/atumitalia.it\/en\/domande-frequenti\/","title":{"rendered":"Frequently Answers"},"content":{"rendered":"\t\t<div data-elementor-type=\"wp-page\" data-elementor-id=\"54228\" class=\"elementor elementor-54228 elementor-51902\" data-elementor-post-type=\"page\">\n\t\t\t\t\t\t<section class=\"elementor-section elementor-top-section elementor-element elementor-element-fa07933 elementor-section-full_width elementor-section-height-default elementor-section-height-default qodef-elementor-content-no\" data-id=\"fa07933\" data-element_type=\"section\" data-e-type=\"section\" data-settings=\"{&quot;background_background&quot;:&quot;classic&quot;}\">\n\t\t\t\t\t\t<div class=\"elementor-container elementor-column-gap-default\">\n\t\t\t\t\t<div class=\"elementor-column elementor-col-100 elementor-top-column elementor-element elementor-element-5a3dcce\" data-id=\"5a3dcce\" data-element_type=\"column\" data-e-type=\"column\">\n\t\t\t<div class=\"elementor-widget-wrap elementor-element-populated\">\n\t\t\t\t\t\t<div class=\"elementor-element elementor-element-4991cca elementor-widget elementor-widget-spacer\" data-id=\"4991cca\" data-element_type=\"widget\" data-e-type=\"widget\" data-widget_type=\"spacer.default\">\n\t\t\t\t<div class=\"elementor-widget-container\">\n\t\t\t\t\t\t\t<div class=\"elementor-spacer\">\n\t\t\t<div class=\"elementor-spacer-inner\"><\/div>\n\t\t<\/div>\n\t\t\t\t\t\t<\/div>\n\t\t\t\t<\/div>\n\t\t\t\t\t<\/div>\n\t\t<\/div>\n\t\t\t\t\t<\/div>\n\t\t<\/section>\n\t\t\t\t<section class=\"elementor-section elementor-top-section elementor-element elementor-element-0c10d95 elementor-section-boxed elementor-section-height-default elementor-section-height-default qodef-elementor-content-no\" data-id=\"0c10d95\" data-element_type=\"section\" data-e-type=\"section\" data-settings=\"{&quot;background_background&quot;:&quot;classic&quot;}\">\n\t\t\t\t\t\t<div class=\"elementor-container elementor-column-gap-default\">\n\t\t\t\t\t<div class=\"elementor-column elementor-col-100 elementor-top-column elementor-element elementor-element-dc95502\" data-id=\"dc95502\" data-element_type=\"column\" data-e-type=\"column\">\n\t\t\t<div class=\"elementor-widget-wrap elementor-element-populated\">\n\t\t\t\t\n\n\t\t<div class=\"elementor-element elementor-element-e487b1e elementor-widget elementor-widget-sante_core_section_title\" data-id=\"e487b1e\" data-element_type=\"widget\" data-e-type=\"widget\" data-widget_type=\"sante_core_section_title.default\">\n\t\t\t\t<div class=\"elementor-widget-container\">\n\t\t\t\t\t<div class=\"qodef-shortcode qodef-m  qodef-section-title qodef-alignment--left  qodef--has-appear qodef-st--caption\">\n\t\t    <span class=\"qodef-m-caption\" >Frequent questions<\/span>\n\t\t\t\t<\/div>\t\t\t\t<\/div>\n\t\t\t\t<\/div>\n\t\t\t\t\t<\/div>\n\t\t<\/div>\n\t\t\t\t\t<\/div>\n\t\t<\/section>\n\t\t\t\t<section class=\"elementor-section elementor-top-section elementor-element elementor-element-a9e479d elementor-section-boxed elementor-section-height-default elementor-section-height-default qodef-elementor-content-no\" data-id=\"a9e479d\" data-element_type=\"section\" data-e-type=\"section\" data-settings=\"{&quot;background_background&quot;:&quot;classic&quot;}\">\n\t\t\t\t\t\t<div class=\"elementor-container elementor-column-gap-default\">\n\t\t\t\t\t<div class=\"elementor-column elementor-col-100 elementor-top-column elementor-element elementor-element-6bf4de3\" data-id=\"6bf4de3\" data-element_type=\"column\" data-e-type=\"column\">\n\t\t\t<div class=\"elementor-widget-wrap elementor-element-populated\">\n\t\t\t\t\t\t<div class=\"elementor-element elementor-element-ea8ddc5 elementor-widget elementor-widget-sante_core_accordion\" data-id=\"ea8ddc5\" data-element_type=\"widget\" data-e-type=\"widget\" data-widget_type=\"sante_core_accordion.default\">\n\t\t\t\t<div class=\"elementor-widget-container\">\n\t\t\t\t\t<div class=\"qodef-shortcode qodef-m Domande frequenti qodef-accordion clear qodef-behavior--accordion qodef-layout--simple\">\n\t<h5 class=\"qodef-accordion-title\">\n\t<span class=\"qodef-tab-title\">\n\t\tWhy is the integrated fight control so effective against the mould?\t<\/span>\n\t<span class=\"qodef-accordion-mark\">\n\t\t<span class=\"qodef-icon--chevron\"><span class=\"qodef-icon-linear-icons lnr-chevron-down lnr\" ><\/span><\/span>\n\t<\/span>\n<\/h5>\n<div class=\"qodef-accordion-content\">\n\t<div class=\"qodef-accordion-content-inner\">\n\t\t<p>Because mould is a fungus which reproduces itself very quickly and its spreading very often is not visible. In addition, it is able to penetrate the microporosities of the paint layer. The chemical anti-moulds cannot reach the roots in depth and, even if they were active, to eradicate it, it would be necessary to cover the house with toxic chemicals, since it is present with its spores on all surfaces ( walls, floor joints, shelves, etc.).<\/p><p>Using the integrated control system means using active substances antagonistic to mould, odourless, non-toxic, and able to reach into the microporosities and purify the wall.<\/p>\t<\/div>\n<\/div><h5 class=\"qodef-accordion-title\">\n\t<span class=\"qodef-tab-title\">\n\t\tHOW DOES THE ATUM SYSTEM WORK?\t<\/span>\n\t<span class=\"qodef-accordion-mark\">\n\t\t<span class=\"qodef-icon--chevron\"><span class=\"qodef-icon-linear-icons lnr-chevron-down lnr\" ><\/span><\/span>\n\t<\/span>\n<\/h5>\n<div class=\"qodef-accordion-content\">\n\t<div class=\"qodef-accordion-content-inner\">\n\t\t<p>Antago, the first of the products that make up the Atum system, is composed mainly by fungi antagonistic to mould, the yeasts that we managed to stabilise by inhibiting the reproduction, which, in contact with the spores, deactivate them. Once cleaned, thanks to Dedalo \u2013 the second product you will use \u2013 you will be able to free deeply from mould all the surfaces, both from spores and roots. Dedalo also deposits itself creating a kind of invisible protective mat which it activates itself in case of new formations. If the conditions allow it, then a specific functional product is applied to protect long.-term those areas of the wall that are vulnerable to mould.<\/p><p>The phone call you will receive from our expert (we ask you 10-15 minutes of your time), after sending us the preliminary analysis questionnaire, allows you to understand precisely what you need.<\/p><p>You will also receive information regarding microclimatic and humidity aspects of your home, which, if not considered, do not help us to understand which imbalance creates the ideal conditions for the growth of mould<\/p>\t<\/div>\n<\/div><h5 class=\"qodef-accordion-title\">\n\t<span class=\"qodef-tab-title\">\n\t\tARE KIT ATUM PRODUCTS SAFE?\t<\/span>\n\t<span class=\"qodef-accordion-mark\">\n\t\t<span class=\"qodef-icon--chevron\"><span class=\"qodef-icon-linear-icons lnr-chevron-down lnr\" ><\/span><\/span>\n\t<\/span>\n<\/h5>\n<div class=\"qodef-accordion-content\">\n\t<div class=\"qodef-accordion-content-inner\">\n\t\t<p>Our products are safe, biodegradable, and have no undesirable effects in contact with the skin and mucous membranes.<\/p><p>They are certified by external third parties independent from Atum and by our laboratories. They comply with the current European regulations, are odourless, they are not a risk for the environment and guests, especially if at home there are children or newly born, or people with health problems or elderly. The animals are protected too.<\/p>\t<\/div>\n<\/div><h5 class=\"qodef-accordion-title\">\n\t<span class=\"qodef-tab-title\">\n\t\tDO I HAVE TO AIR AFTER TREATMENT?\t<\/span>\n\t<span class=\"qodef-accordion-mark\">\n\t\t<span class=\"qodef-icon--chevron\"><span class=\"qodef-icon-linear-icons lnr-chevron-down lnr\" ><\/span><\/span>\n\t<\/span>\n<\/h5>\n<div class=\"qodef-accordion-content\">\n\t<div class=\"qodef-accordion-content-inner\">\n\t\t<p>None of the products release dangerous volatile substances, they are odourless, so it not necessary to let to air the environment.<\/p><p>However it is a good habit to allow a good air exchange inside the rooms, so as to remove the moisture present, beyond the treatment with Atum.<\/p>\t<\/div>\n<\/div><h5 class=\"qodef-accordion-title\">\n\t<span class=\"qodef-tab-title\">\n\t\tDO I NEED A PROFESSIONAL FOR THE TREATMENT?\t<\/span>\n\t<span class=\"qodef-accordion-mark\">\n\t\t<span class=\"qodef-icon--chevron\"><span class=\"qodef-icon-linear-icons lnr-chevron-down lnr\" ><\/span><\/span>\n\t<\/span>\n<\/h5>\n<div class=\"qodef-accordion-content\">\n\t<div class=\"qodef-accordion-content-inner\">\n\t\t<div class=\"tve_faq tve_oFaq\"><div class=\"tve_faqI\"><div class=\"tve_faqC tve_empty_dropzone\"><div class=\"thrv_wrapper thrv_text_element tve_empty_dropzone\"><p>No, you do not. The products are easy to use and for anyone, even those who consider themselves little o not at all keen to the do-it-yourself kind of thing.<\/p><\/div><\/div><\/div><\/div>\t<\/div>\n<\/div><h5 class=\"qodef-accordion-title\">\n\t<span class=\"qodef-tab-title\">\n\t\tAFTER THE SANITIZATION WWITH ATUM PRODUCTS, CAN I PAINT AGAIN?\t<\/span>\n\t<span class=\"qodef-accordion-mark\">\n\t\t<span class=\"qodef-icon--chevron\"><span class=\"qodef-icon-linear-icons lnr-chevron-down lnr\" ><\/span><\/span>\n\t<\/span>\n<\/h5>\n<div class=\"qodef-accordion-content\">\n\t<div class=\"qodef-accordion-content-inner\">\n\t\t<p>Certainly, you can.<\/p><p>Since you are dealing with walls that have been affected by mould, it is important that you have some precautions.<\/p><p>If thermal bridges and excessive internal relative humidity have been detected, the walls must be protected with a special functional product.<\/p><p>Do not rely on simple painting, although it is professional. The expert, who will contact you after you have sent the questionnaire, will provide you with all the necessary information.<\/p>\t<\/div>\n<\/div><h5 class=\"qodef-accordion-title\">\n\t<span class=\"qodef-tab-title\">\n\t\tIS THERE A BETTER PERIOD OF TIME TO DO THE  ATUM ANTI-MOULD TREATMENT?\t<\/span>\n\t<span class=\"qodef-accordion-mark\">\n\t\t<span class=\"qodef-icon--chevron\"><span class=\"qodef-icon-linear-icons lnr-chevron-down lnr\" ><\/span><\/span>\n\t<\/span>\n<\/h5>\n<div class=\"qodef-accordion-content\">\n\t<div class=\"qodef-accordion-content-inner\">\n\t\t<p>Any moment it is good to do the Atum anti-mould treatment.<\/p><p>You can do it in spring as well as in winter, during a beautiful sunny day or during a thunderstorm. You are asked to scrupulously follow the instructions which will be given to you by the expert with whom you will talk to and the instructions on the guide manual you will find inside the kit Atum that you will receive at home.<\/p><p>Atum captures and eliminates the moulds, therefore the wall will be freed from infestation and then protected against new growth.<\/p>\t<\/div>\n<\/div><\/div>\t\t\t\t<\/div>\n\t\t\t\t<\/div>\n\t\t\t\t<div class=\"elementor-element elementor-element-377287c elementor-widget elementor-widget-spacer\" data-id=\"377287c\" data-element_type=\"widget\" data-e-type=\"widget\" data-widget_type=\"spacer.default\">\n\t\t\t\t<div class=\"elementor-widget-container\">\n\t\t\t\t\t\t\t<div class=\"elementor-spacer\">\n\t\t\t<div class=\"elementor-spacer-inner\"><\/div>\n\t\t<\/div>\n\t\t\t\t\t\t<\/div>\n\t\t\t\t<\/div>\n\t\t\t\t\t<\/div>\n\t\t<\/div>\n\t\t\t\t\t<\/div>\n\t\t<\/section>\n\t\t\t\t<\/div>\n\t\t","protected":false},"excerpt":{"rendered":"<p>Frequent questions Why is the integrated fight control so effective against the mould? Because mould is a fungus which reproduces itself very quickly and its spreading very often is not visible. In addition, it is able to penetrate the microporosities of the paint layer. The chemical anti-moulds cannot reach the roots in depth and, even [&hellip;]<\/p>\n","protected":false},"author":201,"featured_media":0,"parent":0,"menu_order":0,"comment_status":"closed","ping_status":"closed","template":"page-full-width.php","meta":{"two_page_speed":[],"footnotes":""},"class_list":["post-54228","page","type-page","status-publish","hentry"],"yoast_head":"<!-- This site is optimized with the Yoast SEO plugin v26.8 - https:\/\/yoast.com\/product\/yoast-seo-wordpress\/ -->\n<title>Frequently Answers - Atum Italia<\/title>\n<meta name=\"description\" content=\"Perch\u00e9 la lotta integrata \u00e8 cos\u00ec efficace contro la muffa? Come funziona il sistema Atum? I prodotti dei kit Atum sono sicuri?\" \/>\n<meta name=\"robots\" content=\"index, follow, max-snippet:-1, max-image-preview:large, max-video-preview:-1\" \/>\n<link rel=\"canonical\" href=\"https:\/\/atumitalia.it\/en\/domande-frequenti\/\" \/>\n<meta property=\"og:locale\" content=\"en_US\" \/>\n<meta property=\"og:type\" content=\"article\" \/>\n<meta property=\"og:title\" content=\"Frequently Answers - Atum Italia\" \/>\n<meta property=\"og:description\" content=\"Perch\u00e9 la lotta integrata \u00e8 cos\u00ec efficace contro la muffa? Come funziona il sistema Atum? I prodotti dei kit Atum sono sicuri?\" \/>\n<meta property=\"og:url\" content=\"https:\/\/atumitalia.it\/en\/domande-frequenti\/\" \/>\n<meta property=\"og:site_name\" content=\"Atum Italia\" \/>\n<meta property=\"article:publisher\" content=\"https:\/\/www.facebook.com\/atumitalia\" \/>\n<meta property=\"article:modified_time\" content=\"2021-07-31T14:02:46+00:00\" \/>\n<meta property=\"og:image\" content=\"https:\/\/atumitalia.it\/wp-content\/uploads\/2016\/10\/atum_logo_colour.png\" \/>\n\t<meta property=\"og:image:width\" content=\"900\" \/>\n\t<meta property=\"og:image:height\" content=\"258\" \/>\n\t<meta property=\"og:image:type\" content=\"image\/png\" \/>\n<meta name=\"twitter:card\" content=\"summary_large_image\" \/>\n<meta name=\"twitter:site\" content=\"@atumitalia\" \/>\n<meta name=\"twitter:label1\" content=\"Est. reading time\" \/>\n\t<meta name=\"twitter:data1\" content=\"3 minutes\" \/>\n<script type=\"application\/ld+json\" class=\"yoast-schema-graph\">{\"@context\":\"https:\/\/schema.org\",\"@graph\":[{\"@type\":\"WebPage\",\"@id\":\"https:\/\/atumitalia.it\/en\/domande-frequenti\/\",\"url\":\"https:\/\/atumitalia.it\/en\/domande-frequenti\/\",\"name\":\"Frequently Answers - Atum Italia\",\"isPartOf\":{\"@id\":\"https:\/\/atumitalia.it\/#website\"},\"datePublished\":\"2021-07-30T16:52:37+00:00\",\"dateModified\":\"2021-07-31T14:02:46+00:00\",\"description\":\"Perch\u00e9 la lotta integrata \u00e8 cos\u00ec efficace contro la muffa? Come funziona il sistema Atum? I prodotti dei kit Atum sono sicuri?\",\"breadcrumb\":{\"@id\":\"https:\/\/atumitalia.it\/en\/domande-frequenti\/#breadcrumb\"},\"inLanguage\":\"en-US\",\"potentialAction\":[{\"@type\":\"ReadAction\",\"target\":[\"https:\/\/atumitalia.it\/en\/domande-frequenti\/\"]}]},{\"@type\":\"BreadcrumbList\",\"@id\":\"https:\/\/atumitalia.it\/en\/domande-frequenti\/#breadcrumb\",\"itemListElement\":[{\"@type\":\"ListItem\",\"position\":1,\"name\":\"Home\",\"item\":\"https:\/\/atumitalia.it\/\"},{\"@type\":\"ListItem\",\"position\":2,\"name\":\"Frequently Answers\"}]},{\"@type\":\"WebSite\",\"@id\":\"https:\/\/atumitalia.it\/#website\",\"url\":\"https:\/\/atumitalia.it\/\",\"name\":\"Atum Italia\",\"description\":\"Lotta Integrata alla Muffa - elimina la muffa definitivamente\",\"publisher\":{\"@id\":\"https:\/\/atumitalia.it\/#organization\"},\"potentialAction\":[{\"@type\":\"SearchAction\",\"target\":{\"@type\":\"EntryPoint\",\"urlTemplate\":\"https:\/\/atumitalia.it\/?s={search_term_string}\"},\"query-input\":{\"@type\":\"PropertyValueSpecification\",\"valueRequired\":true,\"valueName\":\"search_term_string\"}}],\"inLanguage\":\"en-US\"},{\"@type\":\"Organization\",\"@id\":\"https:\/\/atumitalia.it\/#organization\",\"name\":\"Atum Italia\",\"url\":\"https:\/\/atumitalia.it\/\",\"logo\":{\"@type\":\"ImageObject\",\"inLanguage\":\"en-US\",\"@id\":\"https:\/\/atumitalia.it\/#\/schema\/logo\/image\/\",\"url\":\"https:\/\/atumitalia.it\/wp-content\/uploads\/2021\/04\/logoatum-43x_Tavola-disegno-1.png\",\"contentUrl\":\"https:\/\/atumitalia.it\/wp-content\/uploads\/2021\/04\/logoatum-43x_Tavola-disegno-1.png\",\"width\":156,\"height\":43,\"caption\":\"Atum Italia\"},\"image\":{\"@id\":\"https:\/\/atumitalia.it\/#\/schema\/logo\/image\/\"},\"sameAs\":[\"https:\/\/www.facebook.com\/atumitalia\",\"https:\/\/x.com\/atumitalia\",\"https:\/\/www.instagram.com\/atumitalia\/\",\"https:\/\/www.linkedin.com\/company\/atum-italia\",\"https:\/\/www.youtube.com\/channel\/UCICamLksixv172jxDFEAJtw\"]}]}<\/script>\n<!-- \/ Yoast SEO plugin. -->","yoast_head_json":{"title":"Frequently Answers - Atum Italia","description":"Perch\u00e9 la lotta integrata \u00e8 cos\u00ec efficace contro la muffa? Come funziona il sistema Atum? I prodotti dei kit Atum sono sicuri?","robots":{"index":"index","follow":"follow","max-snippet":"max-snippet:-1","max-image-preview":"max-image-preview:large","max-video-preview":"max-video-preview:-1"},"canonical":"https:\/\/atumitalia.it\/en\/domande-frequenti\/","og_locale":"en_US","og_type":"article","og_title":"Frequently Answers - Atum Italia","og_description":"Perch\u00e9 la lotta integrata \u00e8 cos\u00ec efficace contro la muffa? Come funziona il sistema Atum? I prodotti dei kit Atum sono sicuri?","og_url":"https:\/\/atumitalia.it\/en\/domande-frequenti\/","og_site_name":"Atum Italia","article_publisher":"https:\/\/www.facebook.com\/atumitalia","article_modified_time":"2021-07-31T14:02:46+00:00","og_image":[{"width":900,"height":258,"url":"https:\/\/atumitalia.it\/wp-content\/uploads\/2016\/10\/atum_logo_colour.png","type":"image\/png"}],"twitter_card":"summary_large_image","twitter_site":"@atumitalia","twitter_misc":{"Est. reading time":"3 minutes"},"schema":{"@context":"https:\/\/schema.org","@graph":[{"@type":"WebPage","@id":"https:\/\/atumitalia.it\/en\/domande-frequenti\/","url":"https:\/\/atumitalia.it\/en\/domande-frequenti\/","name":"Frequently Answers - Atum Italia","isPartOf":{"@id":"https:\/\/atumitalia.it\/#website"},"datePublished":"2021-07-30T16:52:37+00:00","dateModified":"2021-07-31T14:02:46+00:00","description":"Perch\u00e9 la lotta integrata \u00e8 cos\u00ec efficace contro la muffa? Come funziona il sistema Atum? I prodotti dei kit Atum sono sicuri?","breadcrumb":{"@id":"https:\/\/atumitalia.it\/en\/domande-frequenti\/#breadcrumb"},"inLanguage":"en-US","potentialAction":[{"@type":"ReadAction","target":["https:\/\/atumitalia.it\/en\/domande-frequenti\/"]}]},{"@type":"BreadcrumbList","@id":"https:\/\/atumitalia.it\/en\/domande-frequenti\/#breadcrumb","itemListElement":[{"@type":"ListItem","position":1,"name":"Home","item":"https:\/\/atumitalia.it\/"},{"@type":"ListItem","position":2,"name":"Frequently Answers"}]},{"@type":"WebSite","@id":"https:\/\/atumitalia.it\/#website","url":"https:\/\/atumitalia.it\/","name":"Atum Italia","description":"Lotta Integrata alla Muffa - elimina la muffa definitivamente","publisher":{"@id":"https:\/\/atumitalia.it\/#organization"},"potentialAction":[{"@type":"SearchAction","target":{"@type":"EntryPoint","urlTemplate":"https:\/\/atumitalia.it\/?s={search_term_string}"},"query-input":{"@type":"PropertyValueSpecification","valueRequired":true,"valueName":"search_term_string"}}],"inLanguage":"en-US"},{"@type":"Organization","@id":"https:\/\/atumitalia.it\/#organization","name":"Atum Italia","url":"https:\/\/atumitalia.it\/","logo":{"@type":"ImageObject","inLanguage":"en-US","@id":"https:\/\/atumitalia.it\/#\/schema\/logo\/image\/","url":"https:\/\/atumitalia.it\/wp-content\/uploads\/2021\/04\/logoatum-43x_Tavola-disegno-1.png","contentUrl":"https:\/\/atumitalia.it\/wp-content\/uploads\/2021\/04\/logoatum-43x_Tavola-disegno-1.png","width":156,"height":43,"caption":"Atum Italia"},"image":{"@id":"https:\/\/atumitalia.it\/#\/schema\/logo\/image\/"},"sameAs":["https:\/\/www.facebook.com\/atumitalia","https:\/\/x.com\/atumitalia","https:\/\/www.instagram.com\/atumitalia\/","https:\/\/www.linkedin.com\/company\/atum-italia","https:\/\/www.youtube.com\/channel\/UCICamLksixv172jxDFEAJtw"]}]}},"_links":{"self":[{"href":"https:\/\/atumitalia.it\/en\/wp-json\/wp\/v2\/pages\/54228","targetHints":{"allow":["GET"]}}],"collection":[{"href":"https:\/\/atumitalia.it\/en\/wp-json\/wp\/v2\/pages"}],"about":[{"href":"https:\/\/atumitalia.it\/en\/wp-json\/wp\/v2\/types\/page"}],"author":[{"embeddable":true,"href":"https:\/\/atumitalia.it\/en\/wp-json\/wp\/v2\/users\/201"}],"replies":[{"embeddable":true,"href":"https:\/\/atumitalia.it\/en\/wp-json\/wp\/v2\/comments?post=54228"}],"version-history":[{"count":0,"href":"https:\/\/atumitalia.it\/en\/wp-json\/wp\/v2\/pages\/54228\/revisions"}],"wp:attachment":[{"href":"https:\/\/atumitalia.it\/en\/wp-json\/wp\/v2\/media?parent=54228"}],"curies":[{"name":"wp","href":"https:\/\/api.w.org\/{rel}","templated":true}]}}